{"id":57575,"date":"2024-01-26T14:37:20","date_gmt":"2024-01-26T14:37:20","guid":{"rendered":"https:\/\/berkaydonmez.co\/?page_id=57575"},"modified":"2024-01-26T14:41:45","modified_gmt":"2024-01-26T14:41:45","slug":"hurkus-hurjet-photos","status":"publish","type":"page","link":"https:\/\/aero-guide.com\/tr\/gallery\/hurkus-hurjet-photos\/","title":{"rendered":"H\u00fcrku\u015f &amp; H\u00fcrjet Foto\u011fraflar\u0131"},"content":{"rendered":"<div class=\"wpb-content-wrapper\"><div class=\"vc_row wpb_row vc_row-fluid vc_custom_1706280104087 vc_row-has-fill\"><div class=\"wpb_column vc_column_container vc_col-sm-12\"><div class=\"vc_column-inner\"><div class=\"wpb_wrapper\"><style type=\"text\/css\" data-type=\"the7_shortcodes-inline-css\">.gallery-shortcode.gallery-photos-masonry-shortcode-id-e9b05b05118cca3961246b419b5ca6c1 figure,\n.gallery-shortcode.gallery-photos-masonry-shortcode-id-e9b05b05118cca3961246b419b5ca6c1 .rollover,\n.gallery-shortcode.gallery-photos-masonry-shortcode-id-e9b05b05118cca3961246b419b5ca6c1 img,\n.gallery-shortcode.gallery-photos-masonry-shortcode-id-e9b05b05118cca3961246b419b5ca6c1 .gallery-rollover {\n  border-radius: 0px;\n}\n.gallery-shortcode.gallery-photos-masonry-shortcode-id-e9b05b05118cca3961246b419b5ca6c1.enable-bg-rollover .gallery-rollover {\n  background: rgba(255,255,255,0.5);\n  -webkit-box-shadow: none;\n  box-shadow: none;\n  background: -webkit-linear-gradient();\n  background: linear-gradient();\n}\n.gallery-shortcode.gallery-photos-masonry-shortcode-id-e9b05b05118cca3961246b419b5ca6c1.enable-bg-rollover.hover-scale .rollover:after {\n  background: rgba(255,255,255,0.5);\n  -webkit-box-shadow: none;\n  box-shadow: none;\n  background: -webkit-linear-gradient();\n  background: linear-gradient();\n}\n.gallery-shortcode.gallery-photos-masonry-shortcode-id-e9b05b05118cca3961246b419b5ca6c1 .gallery-zoom-ico {\n  width: 32px;\n  height: 32px;\n  line-height: 32px;\n  border-radius: 100px;\n  margin: -16px 0 0 -16px;\n  border-width: 0px;\n}\n.dt-icon-bg-on.gallery-shortcode.gallery-photos-masonry-shortcode-id-e9b05b05118cca3961246b419b5ca6c1 .gallery-zoom-ico {\n  background: rgba(255,255,255,0.3);\n  -webkit-box-shadow: none;\n  box-shadow: none;\n}\n.gallery-shortcode.gallery-photos-masonry-shortcode-id-e9b05b05118cca3961246b419b5ca6c1 .gallery-zoom-ico:before,\n.gallery-shortcode.gallery-photos-masonry-shortcode-id-e9b05b05118cca3961246b419b5ca6c1 .gallery-zoom-ico span {\n  font-size: 32px;\n  line-height: 32px;\n  color: #ffffff;\n}\n.gallery-shortcode.gallery-photos-masonry-shortcode-id-e9b05b05118cca3961246b419b5ca6c1:not(.resize-by-browser-width) .dt-css-grid {\n  grid-row-gap: 20px;\n  grid-column-gap: 20px;\n  grid-template-columns: repeat(auto-fill,minmax(400px,1fr));\n}\n.gallery-shortcode.gallery-photos-masonry-shortcode-id-e9b05b05118cca3961246b419b5ca6c1:not(.resize-by-browser-width) .dt-css-grid .double-width {\n  grid-column: span 2;\n}\n.cssgridlegacy.no-cssgrid .gallery-shortcode.gallery-photos-masonry-shortcode-id-e9b05b05118cca3961246b419b5ca6c1:not(.resize-by-browser-width) .dt-css-grid,\n.no-cssgridlegacy.no-cssgrid .gallery-shortcode.gallery-photos-masonry-shortcode-id-e9b05b05118cca3961246b419b5ca6c1:not(.resize-by-browser-width) .dt-css-grid {\n  display: flex;\n  flex-flow: row wrap;\n  margin: -10px;\n}\n.cssgridlegacy.no-cssgrid .gallery-shortcode.gallery-photos-masonry-shortcode-id-e9b05b05118cca3961246b419b5ca6c1:not(.resize-by-browser-width) .dt-css-grid .wf-cell,\n.no-cssgridlegacy.no-cssgrid .gallery-shortcode.gallery-photos-masonry-shortcode-id-e9b05b05118cca3961246b419b5ca6c1:not(.resize-by-browser-width) .dt-css-grid .wf-cell {\n  flex: 1 0 400px;\n  min-width: 400px;\n  max-width: 100%;\n  padding: 10px;\n  box-sizing: border-box;\n}\n.gallery-shortcode.gallery-photos-masonry-shortcode-id-e9b05b05118cca3961246b419b5ca6c1.resize-by-browser-width .dt-css-grid {\n  grid-template-columns: repeat(,1fr);\n  grid-template-rows: auto;\n  grid-column-gap: 20px;\n  grid-row-gap: 20px;\n}\n.gallery-shortcode.gallery-photos-masonry-shortcode-id-e9b05b05118cca3961246b419b5ca6c1.resize-by-browser-width .dt-css-grid .double-width {\n  grid-column: span 2;\n}\n.cssgridlegacy.no-cssgrid .gallery-shortcode.gallery-photos-masonry-shortcode-id-e9b05b05118cca3961246b419b5ca6c1.resize-by-browser-width .dt-css-grid {\n  margin: -10px;\n}\n.cssgridlegacy.no-cssgrid .gallery-shortcode.gallery-photos-masonry-shortcode-id-e9b05b05118cca3961246b419b5ca6c1.resize-by-browser-width .dt-css-grid .wf-cell {\n  padding: 10px;\n}\n.cssgridlegacy.no-cssgrid .gallery-shortcode.gallery-photos-masonry-shortcode-id-e9b05b05118cca3961246b419b5ca6c1.resize-by-browser-width .dt-css-grid .wf-cell.double-width {\n  width: calc() * 2;\n}\n.gallery-shortcode.gallery-photos-masonry-shortcode-id-e9b05b05118cca3961246b419b5ca6c1.resize-by-browser-width:not(.centered-layout-list):not(.content-bg-on) .dt-css-grid {\n  grid-row-gap: 20px - ;\n}\n@media screen and (max-width: 1199px) {\n  .gallery-shortcode.gallery-photos-masonry-shortcode-id-e9b05b05118cca3961246b419b5ca6c1.resize-by-browser-width .dt-css-grid {\n    grid-template-columns: repeat(,1fr);\n  }\n  .cssgridlegacy.no-cssgrid .gallery-shortcode.gallery-photos-masonry-shortcode-id-e9b05b05118cca3961246b419b5ca6c1.resize-by-browser-width .dt-css-grid .wf-cell.double-width,\n  .no-cssgridlegacy.no-cssgrid .gallery-shortcode.gallery-photos-masonry-shortcode-id-e9b05b05118cca3961246b419b5ca6c1.resize-by-browser-width .dt-css-grid .wf-cell.double-width {\n    width: calc()*2;\n  }\n}\n@media screen and (max-width: 991px) {\n  .gallery-shortcode.gallery-photos-masonry-shortcode-id-e9b05b05118cca3961246b419b5ca6c1.resize-by-browser-width .dt-css-grid {\n    grid-template-columns: repeat(,1fr);\n  }\n  .cssgridlegacy.no-cssgrid .gallery-shortcode.gallery-photos-masonry-shortcode-id-e9b05b05118cca3961246b419b5ca6c1.resize-by-browser-width .dt-css-grid .wf-cell.double-width,\n  .no-cssgridlegacy.no-cssgrid .gallery-shortcode.gallery-photos-masonry-shortcode-id-e9b05b05118cca3961246b419b5ca6c1.resize-by-browser-width .dt-css-grid .wf-cell.double-width {\n    width: calc()*2;\n  }\n}\n@media screen and (max-width: 812px) {\n  .gallery-shortcode.gallery-photos-masonry-shortcode-id-e9b05b05118cca3961246b419b5ca6c1:not(.resize-by-browser-width) .dt-css-grid .double-width {\n    grid-column: span 1;\n  }\n}\n@media screen and (max-width: 767px) {\n  .gallery-shortcode.gallery-photos-masonry-shortcode-id-e9b05b05118cca3961246b419b5ca6c1.resize-by-browser-width .dt-css-grid {\n    grid-template-columns: repeat(,1fr);\n  }\n  .cssgridlegacy.no-cssgrid .gallery-shortcode.gallery-photos-masonry-shortcode-id-e9b05b05118cca3961246b419b5ca6c1.resize-by-browser-width .dt-css-grid .wf-cell.double-width,\n  .no-cssgridlegacy.no-cssgrid .gallery-shortcode.gallery-photos-masonry-shortcode-id-e9b05b05118cca3961246b419b5ca6c1.resize-by-browser-width .dt-css-grid .wf-cell.double-width {\n    width: calc()*2;\n  }\n  .gallery-shortcode.gallery-photos-masonry-shortcode-id-e9b05b05118cca3961246b419b5ca6c1:not(.resize-by-browser-width) .dt-css-grid .double-width {\n    grid-column: span 1;\n  }\n}\n@media screen and (max-width: 568px) {\n  .gallery-shortcode.gallery-photos-masonry-shortcode-id-e9b05b05118cca3961246b419b5ca6c1:not(.resize-by-browser-width) .dt-css-grid .double-width {\n    grid-column: span 1;\n  }\n}\n@media screen and (max-width: 420px) {\n  .gallery-shortcode.gallery-photos-masonry-shortcode-id-e9b05b05118cca3961246b419b5ca6c1:not(.resize-by-browser-width) .dt-css-grid {\n    grid-template-columns: repeat(auto-fill,minmax(100%,1fr));\n  }\n  .gallery-shortcode.gallery-photos-masonry-shortcode-id-e9b05b05118cca3961246b419b5ca6c1:not(.resize-by-browser-width) .dt-css-grid .double-width {\n    grid-column: span 1;\n  }\n}\n@media screen and (max-width: 320px) {\n  .gallery-shortcode.gallery-photos-masonry-shortcode-id-e9b05b05118cca3961246b419b5ca6c1:not(.resize-by-browser-width) .dt-css-grid {\n    grid-template-columns: repeat(auto-fill,minmax(280px,1fr));\n  }\n  .gallery-shortcode.gallery-photos-masonry-shortcode-id-e9b05b05118cca3961246b419b5ca6c1:not(.resize-by-browser-width) .dt-css-grid .double-width {\n    grid-column: span 1;\n  }\n}\n<\/style><div class=\"gallery-shortcode album-gallery-shortcode dt-gallery-container gallery-photos-masonry-shortcode-id-e9b05b05118cca3961246b419b5ca6c1 mode-masonry jquery-filter dt-icon-bg-off enable-bg-rollover  hover-fade loading-effect-none description-on-hover\" data-padding=\"10px\" data-cur-page=\"1\" data-post-limit=\"-1\" data-pagination-mode=\"none\" data-width=\"400px\" data-columns=\"5\"><div class=\"iso-container\" ><div class=\"visible wf-cell iso-item\" data-post-id=\"57425\" data-date=\"2024-01-25T23:00:59+00:00\" data-name=\"Hurjet-2\"><article class=\"post visible post-57425 attachment type-attachment status-inherit hentry no-img\"><a href=\"https:\/\/aero-guide.com\/wp-content\/uploads\/2013\/08\/Hurjet-2.jpg\" class=\"rollover-click-target rollover dt-pswp-item layzr-bg\" title=\"Hurjet-2\" data-dt-img-description=\"\"  data-large_image_width=\"1400\" data-large_image_height = \"1400\"  data-dt-location=\"https:\/\/aero-guide.com\/tr\/project\/aircraft-design-and-engineering\/hurjet-2\/\" ><img fetchpriority=\"high\" decoding=\"async\" class=\"preload-me iso-lazy-load aspect\" src=\"data:image\/svg+xml,%3Csvg%20xmlns%3D&#39;http%3A%2F%2Fwww.w3.org%2F2000%2Fsvg&#39;%20viewBox%3D&#39;0%200%20600%20600&#39;%2F%3E\" data-src=\"https:\/\/aero-guide.com\/wp-content\/uploads\/2013\/08\/Hurjet-2-600x600.jpg\" data-srcset=\"https:\/\/aero-guide.com\/wp-content\/uploads\/2013\/08\/Hurjet-2-600x600.jpg 600w, https:\/\/aero-guide.com\/wp-content\/uploads\/2013\/08\/Hurjet-2-1200x1200.jpg 1200w\" loading=\"eager\" style=\"--ratio: 600 \/ 600\" sizes=\"(max-width: 600px) 100vw, 600px\" alt=\"\" width=\"600\" height=\"600\"  \/><span class=\"gallery-rollover\"><span class=\"gallery-zoom-ico icomoon-the7-font-the7-expand-02\"><span><\/span><\/span><\/span><\/a><\/article><\/div><div class=\"visible wf-cell iso-item\" data-post-id=\"57421\" data-date=\"2024-01-25T22:57:28+00:00\" data-name=\"HURKUS_2\"><article class=\"post visible post-57421 attachment type-attachment status-inherit hentry no-img\"><a href=\"https:\/\/aero-guide.com\/wp-content\/uploads\/2013\/08\/HURKUS_2-scaled.jpg\" class=\"rollover-click-target rollover dt-pswp-item layzr-bg\" title=\"HURKUS_2\" data-dt-img-description=\"\"  data-large_image_width=\"2560\" data-large_image_height = \"1707\"  data-dt-location=\"https:\/\/aero-guide.com\/tr\/project\/aircraft-design-and-engineering\/hurkus_2\/\" ><img decoding=\"async\" class=\"preload-me iso-lazy-load aspect\" src=\"data:image\/svg+xml,%3Csvg%20xmlns%3D&#39;http%3A%2F%2Fwww.w3.org%2F2000%2Fsvg&#39;%20viewBox%3D&#39;0%200%20600%20400&#39;%2F%3E\" data-src=\"https:\/\/aero-guide.com\/wp-content\/uploads\/2013\/08\/HURKUS_2-scaled-600x400.jpg\" data-srcset=\"https:\/\/aero-guide.com\/wp-content\/uploads\/2013\/08\/HURKUS_2-scaled-600x400.jpg 600w, https:\/\/aero-guide.com\/wp-content\/uploads\/2013\/08\/HURKUS_2-scaled-1200x800.jpg 1200w\" loading=\"eager\" style=\"--ratio: 600 \/ 400\" sizes=\"(max-width: 600px) 100vw, 600px\" alt=\"\" width=\"600\" height=\"400\"  \/><span class=\"gallery-rollover\"><span class=\"gallery-zoom-ico icomoon-the7-font-the7-expand-02\"><span><\/span><\/span><\/span><\/a><\/article><\/div><div class=\"visible wf-cell iso-item\" data-post-id=\"57420\" data-date=\"2024-01-25T22:57:22+00:00\" data-name=\"hurjet2\"><article class=\"post visible post-57420 attachment type-attachment status-inherit hentry no-img\"><a href=\"https:\/\/aero-guide.com\/wp-content\/uploads\/2013\/08\/hurjet2.webp\" class=\"rollover-click-target rollover dt-pswp-item layzr-bg\" title=\"hurjet2\" data-dt-img-description=\"\"  data-large_image_width=\"1314\" data-large_image_height = \"908\"  data-dt-location=\"https:\/\/aero-guide.com\/tr\/project\/aircraft-design-and-engineering\/hurjet2-2\/\" ><img decoding=\"async\" class=\"preload-me iso-lazy-load aspect\" src=\"data:image\/svg+xml,%3Csvg%20xmlns%3D&#39;http%3A%2F%2Fwww.w3.org%2F2000%2Fsvg&#39;%20viewBox%3D&#39;0%200%20600%20415&#39;%2F%3E\" data-src=\"https:\/\/aero-guide.com\/wp-content\/uploads\/2013\/08\/hurjet2-600x415.webp\" data-srcset=\"https:\/\/aero-guide.com\/wp-content\/uploads\/2013\/08\/hurjet2-600x415.webp 600w, https:\/\/aero-guide.com\/wp-content\/uploads\/2013\/08\/hurjet2-1200x830.webp 1200w\" loading=\"eager\" style=\"--ratio: 600 \/ 415\" sizes=\"(max-width: 600px) 100vw, 600px\" alt=\"\" width=\"600\" height=\"415\"  \/><span class=\"gallery-rollover\"><span class=\"gallery-zoom-ico icomoon-the7-font-the7-expand-02\"><span><\/span><\/span><\/span><\/a><\/article><\/div><\/div><!-- iso-container|iso-grid --><\/div><\/div><\/div><\/div><\/div><!-- Row Backgrounds --><div class=\"upb_color\" data-bg-override=\"0\" data-bg-color=\"#ffffff\" data-fadeout=\"\" data-fadeout-percentage=\"30\" data-parallax-content=\"\" data-parallax-content-sense=\"30\" data-row-effect-mobile-disable=\"true\" data-img-parallax-mobile-disable=\"true\" data-rtl=\"false\"  data-custom-vc-row=\"\"  data-vc=\"7.5\"  data-is_old_vc=\"\"  data-theme-support=\"\"   data-overlay=\"false\" data-overlay-color=\"\" data-overlay-pattern=\"\" data-overlay-pattern-opacity=\"\" data-overlay-pattern-size=\"\"    ><\/div>\n<\/div>","protected":false},"excerpt":{"rendered":"","protected":false},"author":1,"featured_media":0,"parent":144,"menu_order":0,"comment_status":"closed","ping_status":"closed","template":"","meta":{"_coblocks_attr":"","_coblocks_dimensions":"","_coblocks_responsive_height":"","_coblocks_accordion_ie_support":"","pgc_sgb_lightbox_settings":"","footnotes":""},"class_list":["post-57575","page","type-page","status-publish","hentry","description-off"],"_links":{"self":[{"href":"https:\/\/aero-guide.com\/tr\/wp-json\/wp\/v2\/pages\/57575","targetHints":{"allow":["GET"]}}],"collection":[{"href":"https:\/\/aero-guide.com\/tr\/wp-json\/wp\/v2\/pages"}],"about":[{"href":"https:\/\/aero-guide.com\/tr\/wp-json\/wp\/v2\/types\/page"}],"author":[{"embeddable":true,"href":"https:\/\/aero-guide.com\/tr\/wp-json\/wp\/v2\/users\/1"}],"replies":[{"embeddable":true,"href":"https:\/\/aero-guide.com\/tr\/wp-json\/wp\/v2\/comments?post=57575"}],"version-history":[{"count":4,"href":"https:\/\/aero-guide.com\/tr\/wp-json\/wp\/v2\/pages\/57575\/revisions"}],"predecessor-version":[{"id":57579,"href":"https:\/\/aero-guide.com\/tr\/wp-json\/wp\/v2\/pages\/57575\/revisions\/57579"}],"up":[{"embeddable":true,"href":"https:\/\/aero-guide.com\/tr\/wp-json\/wp\/v2\/pages\/144"}],"wp:attachment":[{"href":"https:\/\/aero-guide.com\/tr\/wp-json\/wp\/v2\/media?parent=57575"}],"curies":[{"name":"wp","href":"https:\/\/api.w.org\/{rel}","templated":true}]}}