{"id":382,"date":"2013-08-08T10:22:11","date_gmt":"2013-08-08T10:22:11","guid":{"rendered":"http:\/\/presscore.dream-demo.com\/dummy\/?page_id=4"},"modified":"2024-03-04T19:59:51","modified_gmt":"2024-03-04T19:59:51","slug":"portfolio","status":"publish","type":"page","link":"https:\/\/aero-guide.com\/tr\/portfolio\/","title":{"rendered":"Portfolyo"},"content":{"rendered":"<div class=\"wpb-content-wrapper\"><div data-vc-full-width=\"true\" data-vc-full-width-init=\"false\" data-vc-stretch-content=\"true\" class=\"vc_row wpb_row vc_row-fluid\"><div class=\"wpb_column vc_column_container vc_col-sm-12\"><div class=\"vc_column-inner\"><div class=\"wpb_wrapper\"><style type=\"text\/css\" data-type=\"the7_shortcodes-inline-css\">.portfolio-shortcode.portfolio-masonry-shortcode-id-4bf4e94c769dc384df75632d82a29611.dividers-on.classic-layout-list article {\n  padding-top: 0;\n}\n.portfolio-shortcode.portfolio-masonry-shortcode-id-4bf4e94c769dc384df75632d82a29611.dividers-on.classic-layout-list article:first-of-type {\n  margin-top: 0;\n  padding-top: 0;\n}\n.portfolio-shortcode.portfolio-masonry-shortcode-id-4bf4e94c769dc384df75632d82a29611.classic-layout-list.mode-list .post-entry-content {\n  width: calc(100% - );\n}\n.portfolio-shortcode.portfolio-masonry-shortcode-id-4bf4e94c769dc384df75632d82a29611.classic-layout-list.mode-list .no-img .post-entry-content {\n  width: 100%;\n}\n.portfolio-shortcode.portfolio-masonry-shortcode-id-4bf4e94c769dc384df75632d82a29611 .filter-bg-decoration .filter-categories a.act {\n  color: #fff;\n}\n.portfolio-shortcode.portfolio-masonry-shortcode-id-4bf4e94c769dc384df75632d82a29611:not(.mode-masonry) article:first-of-type,\n.portfolio-shortcode.portfolio-masonry-shortcode-id-4bf4e94c769dc384df75632d82a29611:not(.mode-masonry) article.visible.first {\n  margin-top: 0;\n}\n.portfolio-shortcode.portfolio-masonry-shortcode-id-4bf4e94c769dc384df75632d82a29611.dividers-on:not(.mode-masonry) article {\n  margin-top: 0;\n}\n.portfolio-shortcode.portfolio-masonry-shortcode-id-4bf4e94c769dc384df75632d82a29611.dividers-on:not(.mode-masonry) article:first-of-type,\n.portfolio-shortcode.portfolio-masonry-shortcode-id-4bf4e94c769dc384df75632d82a29611.dividers-on:not(.mode-masonry) article.visible.first {\n  margin-top: 0;\n  padding-top: 0;\n}\n.portfolio-shortcode.portfolio-masonry-shortcode-id-4bf4e94c769dc384df75632d82a29611.hover-scale article:after {\n  background: rgba(0,0,0,0.5);\n  -webkit-box-shadow: none;\n  box-shadow: none;\n  background: -webkit-linear-gradient();\n  background: linear-gradient();\n}\n.portfolio-shortcode.portfolio-masonry-shortcode-id-4bf4e94c769dc384df75632d82a29611.gradient-overlay-layout-list article {\n  border-radius: 0px;\n}\n.portfolio-shortcode.portfolio-masonry-shortcode-id-4bf4e94c769dc384df75632d82a29611 .post-thumbnail-wrap {\n  padding: 0px 0px 0px 0px;\n  border-radius: 0px;\n}\n.portfolio-shortcode.portfolio-masonry-shortcode-id-4bf4e94c769dc384df75632d82a29611 .post-thumbnail-wrap *,\n.portfolio-shortcode.portfolio-masonry-shortcode-id-4bf4e94c769dc384df75632d82a29611 .post-thumbnail-rollover:after {\n  border-radius: 0px;\n}\n.portfolio-shortcode.portfolio-masonry-shortcode-id-4bf4e94c769dc384df75632d82a29611.enable-bg-rollover .post-thumbnail-rollover:after {\n  background: rgba(0,0,0,0.5);\n  -webkit-box-shadow: none;\n  box-shadow: none;\n  background: -webkit-linear-gradient();\n  background: linear-gradient();\n}\n.bottom-overlap-layout-list.portfolio-shortcode.portfolio-masonry-shortcode-id-4bf4e94c769dc384df75632d82a29611 .project-links-container {\n  height: calc(100% - 100px);\n}\n.portfolio-shortcode.portfolio-masonry-shortcode-id-4bf4e94c769dc384df75632d82a29611 .project-links-container a {\n  width: 44px;\n  height: 44px;\n  line-height: 44px;\n  border-radius: 100px;\n  margin: 10px 5px 10px;\n}\n.content-rollover-layout-list:not(.content-align-center).portfolio-shortcode.portfolio-masonry-shortcode-id-4bf4e94c769dc384df75632d82a29611 .project-links-container a,\n.gradient-overlay-layout-list:not(.content-align-center).portfolio-shortcode.portfolio-masonry-shortcode-id-4bf4e94c769dc384df75632d82a29611 .project-links-container a {\n  margin: 10px 10px 10px 0;\n}\n.dt-icon-border-on.portfolio-shortcode.portfolio-masonry-shortcode-id-4bf4e94c769dc384df75632d82a29611 .project-links-container a:before {\n  border-width: 0px;\n  border-style: solid;\n}\n.dt-icon-hover-border-on.portfolio-shortcode.portfolio-masonry-shortcode-id-4bf4e94c769dc384df75632d82a29611 .project-links-container a:after {\n  border-width: 0px;\n  border-style: solid;\n}\n.dt-icon-hover-bg-on.portfolio-shortcode.portfolio-masonry-shortcode-id-4bf4e94c769dc384df75632d82a29611 .project-links-container a:after {\n  background: #ffffff;\n  -webkit-box-shadow: none;\n  box-shadow: none;\n}\n.portfolio-shortcode.portfolio-masonry-shortcode-id-4bf4e94c769dc384df75632d82a29611 .project-links-container a > span,\n.portfolio-shortcode.portfolio-masonry-shortcode-id-4bf4e94c769dc384df75632d82a29611 .project-links-container a > span:before {\n  font-size: 16px;\n  line-height: 44px;\n}\n.portfolio-shortcode.portfolio-masonry-shortcode-id-4bf4e94c769dc384df75632d82a29611 .project-links-container a:not(:hover) > span {\n  color: #ffffff;\n}\n.dt-icon-hover-off.portfolio-shortcode.portfolio-masonry-shortcode-id-4bf4e94c769dc384df75632d82a29611 .project-links-container a > span,\n.dt-icon-hover-off.portfolio-shortcode.portfolio-masonry-shortcode-id-4bf4e94c769dc384df75632d82a29611 .project-links-container a:hover > span {\n  color: #ffffff;\n}\n.portfolio-shortcode.portfolio-masonry-shortcode-id-4bf4e94c769dc384df75632d82a29611 .entry-title,\n.portfolio-shortcode.portfolio-masonry-shortcode-id-4bf4e94c769dc384df75632d82a29611.owl-carousel .entry-title {\n  margin-bottom: 5px;\n  font-weight: bold;\n}\n.portfolio-shortcode.portfolio-masonry-shortcode-id-4bf4e94c769dc384df75632d82a29611 .entry-meta {\n  margin-bottom: 15px;\n}\n.portfolio-shortcode.portfolio-masonry-shortcode-id-4bf4e94c769dc384df75632d82a29611 .portfolio-categories {\n  margin-bottom: 15px;\n}\n.portfolio-shortcode.portfolio-masonry-shortcode-id-4bf4e94c769dc384df75632d82a29611 .entry-excerpt {\n  margin-bottom: 5px;\n}\n.portfolio-shortcode.portfolio-masonry-shortcode-id-4bf4e94c769dc384df75632d82a29611:not(.centered-layout-list) .post-entry-content {\n  padding: 25px 30px 30px 30px;\n}\n.portfolio-shortcode.portfolio-masonry-shortcode-id-4bf4e94c769dc384df75632d82a29611:not(.centered-layout-list):not(\n      .content-bg-on\n    ):not(.mode-list)\n    .no-img\n    .post-entry-content {\n  padding: 0;\n}\n.portfolio-shortcode.portfolio-masonry-shortcode-id-4bf4e94c769dc384df75632d82a29611.gradient-overlay-layout-list .post-entry-content {\n  border-radius: 0px;\n}\n@media screen and (max-width: ) {\n  .portfolio-shortcode.portfolio-masonry-shortcode-id-4bf4e94c769dc384df75632d82a29611 article {\n    -webkit-flex-flow: column nowrap;\n    -moz-flex-flow: column nowrap;\n    -ms-flex-flow: column nowrap;\n    flex-flow: column nowrap;\n    margin-top: 20px;\n  }\n  .portfolio-shortcode.portfolio-masonry-shortcode-id-4bf4e94c769dc384df75632d82a29611.dividers-on article {\n    border: none;\n  }\n  .portfolio-shortcode.portfolio-masonry-shortcode-id-4bf4e94c769dc384df75632d82a29611.content-bg-on.centered-layout-list article {\n    padding: 0;\n  }\n  #page .portfolio-shortcode.portfolio-masonry-shortcode-id-4bf4e94c769dc384df75632d82a29611 .post-thumbnail-wrap,\n  #page .portfolio-shortcode.portfolio-masonry-shortcode-id-4bf4e94c769dc384df75632d82a29611 .post-entry-content {\n    width: 100%;\n    margin: 0;\n    top: 0;\n  }\n  #page .portfolio-shortcode.portfolio-masonry-shortcode-id-4bf4e94c769dc384df75632d82a29611 .post-thumbnail-wrap {\n    padding: 0;\n  }\n  #page .portfolio-shortcode.portfolio-masonry-shortcode-id-4bf4e94c769dc384df75632d82a29611 .post-entry-content:after {\n    display: none;\n  }\n  #page .portfolio-shortcode.portfolio-masonry-shortcode-id-4bf4e94c769dc384df75632d82a29611 .project-even .post-thumbnail-wrap,\n  #page .portfolio-shortcode.portfolio-masonry-shortcode-id-4bf4e94c769dc384df75632d82a29611.centered-layout-list .post-thumbnail-wrap {\n    -webkit-order: 0;\n    -moz-order: 0;\n    -ms-flex-order: 0;\n    order: 0;\n  }\n  #page .portfolio-shortcode.portfolio-masonry-shortcode-id-4bf4e94c769dc384df75632d82a29611.centered-layout-list .post-entry-title-content {\n    -webkit-order: 1;\n    -moz-order: 1;\n    -ms-flex-order: 1;\n    order: 1;\n    width: 100%;\n    padding: 20px 20px 0;\n  }\n  #page .portfolio-shortcode.portfolio-masonry-shortcode-id-4bf4e94c769dc384df75632d82a29611.centered-layout-list .post-entry-content {\n    -webkit-order: 2;\n    -moz-order: 2;\n    -ms-flex-order: 2;\n    order: 2;\n    padding-top: 0;\n  }\n  #page .portfolio-shortcode.portfolio-masonry-shortcode-id-4bf4e94c769dc384df75632d82a29611 .post-entry-content {\n    padding: 20px;\n  }\n  #page .portfolio-shortcode.portfolio-masonry-shortcode-id-4bf4e94c769dc384df75632d82a29611 .entry-title {\n    margin: 3px 0 5px;\n    font-size: 20px;\n    line-height: 26px;\n  }\n  #page .portfolio-shortcode.portfolio-masonry-shortcode-id-4bf4e94c769dc384df75632d82a29611 .entry-meta {\n    margin: 5px 0 5px;\n  }\n  #page .portfolio-shortcode.portfolio-masonry-shortcode-id-4bf4e94c769dc384df75632d82a29611 .entry-excerpt {\n    margin: 15px 0 0;\n  }\n  #page .portfolio-shortcode.portfolio-masonry-shortcode-id-4bf4e94c769dc384df75632d82a29611 .post-details {\n    margin: 5px 0 10px;\n  }\n  #page .portfolio-shortcode.portfolio-masonry-shortcode-id-4bf4e94c769dc384df75632d82a29611 .post-details.details-type-link {\n    margin-bottom: 2px;\n  }\n}\n<\/style><div class=\"portfolio-shortcode portfolio-masonry-shortcode-id-4bf4e94c769dc384df75632d82a29611 mode-masonry classic-layout-list content-bg-on jquery-filter lazy-loading-mode dt-icon-bg-on dt-icon-border-on dt-icon-hover-on dt-icon-hover-border-on dt-icon-hover-bg-on enable-bg-rollover  loading-effect-none description-under-image\" data-padding=\"15px\" data-cur-page=\"1\" data-post-limit=\"12\" data-pagination-mode=\"load-more\" data-width=\"280px\" data-columns=\"6\"><div class=\"iso-filter filter\"><div class=\"filter-extras\"><div class=\"filter-by\"><a href=\"https:\/\/aero-guide.com\/tr\/portfolio\/?orderby=date&#038;order=desc\" class=\"sort-by-date act\" data-by=\"date\"><svg version=\"1.1\" id=\"Layer_1\" xmlns=\"http:\/\/www.w3.org\/2000\/svg\" xmlns:xlink=\"http:\/\/www.w3.org\/1999\/xlink\" x=\"0px\" y=\"0px\" viewbox=\"0 0 16 16\" style=\"enable-background:new 0 0 16 16;\" xml:space=\"preserve\"><path d=\"M11,6.5C11,6.2,11.2,6,11.5,6h1C12.8,6,13,6.2,13,6.5v1C13,7.8,12.8,8,12.5,8h-1C11.2,8,11,7.8,11,7.5V6.5z M8,6.5C8,6.2,8.2,6,8.5,6h1C9.8,6,10,6.2,10,6.5v1C10,7.8,9.8,8,9.5,8h-1C8.2,8,8,7.8,8,7.5V6.5z M3,9.5C3,9.2,3.2,9,3.5,9h1C4.8,9,5,9.2,5,9.5v1C5,10.8,4.8,11,4.5,11h-1C3.2,11,3,10.8,3,10.5V9.5z M6,9.5C6,9.2,6.2,9,6.5,9h1C7.8,9,8,9.2,8,9.5v1C8,10.8,7.8,11,7.5,11h-1C6.2,11,6,10.8,6,10.5V9.5z\"\/><path d=\"M3.5,0C3.8,0,4,0.2,4,0.5V1h8V0.5C12,0.2,12.2,0,12.5,0S13,0.2,13,0.5V1h1c1.1,0,2,0.9,2,2v11c0,1.1-0.9,2-2,2H2c-1.1,0-2-0.9-2-2V3c0-1.1,0.9-2,2-2h1V0.5C3,0.2,3.2,0,3.5,0z M1,4v10c0,0.6,0.4,1,1,1h12c0.6,0,1-0.4,1-1V4H1z\"\/><\/svg><span class=\"filter-popup\">Sort by date<\/span><\/a><span class=\"filter-switch\"><\/span><a href=\"https:\/\/aero-guide.com\/tr\/portfolio\/?orderby=name&#038;order=desc\" class=\"sort-by-name\" data-by=\"name\"><svg version=\"1.1\" id=\"Layer_1\" xmlns=\"http:\/\/www.w3.org\/2000\/svg\" xmlns:xlink=\"http:\/\/www.w3.org\/1999\/xlink\" x=\"0px\" y=\"0px\" viewbox=\"0 0 16 16\" style=\"enable-background:new 0 0 16 16;\" xml:space=\"preserve\"><path d=\"M2.2,13.1l0.9-2.8h3.5l0.9,2.8h1.3L5.5,3.8H4.3L1,13.1H2.2z M4.9,5.2l1.4,4.2H3.5L4.9,5.2C4.9,5.2,4.9,5.2,4.9,5.2z\"\/><g><path d=\"M10,12.4l2.8-3.6c0.3-0.3,0.5-0.6,0.8-1v0h-3.3V6.9h4.7l0,0.7l-2.7,3.6c-0.3,0.3-0.5,0.6-0.8,1v0H15v0.9h-5V12.4z\"\/><\/g><\/svg><span class=\"filter-popup\">Sort by name<\/span><\/a><\/div><div class=\"filter-sorting\"><a href=\"https:\/\/aero-guide.com\/tr\/portfolio\/?orderby=date&#038;order=desc\" class=\"sort-by-desc act\" data-sort=\"desc\"><svg version=\"1.1\" id=\"Layer_1\" xmlns=\"http:\/\/www.w3.org\/2000\/svg\" xmlns:xlink=\"http:\/\/www.w3.org\/1999\/xlink\" x=\"0px\" y=\"0px\"viewbox=\"0 0 16 16\" style=\"enable-background:new 0 0 16 16;\" xml:space=\"preserve\"><path d=\"M3.5,2.5C3.5,2.2,3.3,2,3,2S2.5,2.2,2.5,2.5v8.8l-1.1-1.1c-0.2-0.2-0.5-0.2-0.7,0s-0.2,0.5,0,0.7l0,0l2,2l0,0c0.2,0.2,0.5,0.2,0.7,0l2-2c0.2-0.2,0.2-0.5,0-0.7c-0.2-0.2-0.5-0.2-0.7,0l-1.1,1.1V2.5z M7,3.5C7,3.2,7.2,3,7.5,3h7C14.8,3,15,3.2,15,3.5S14.8,4,14.5,4h-7C7.2,4,7,3.8,7,3.5z M7.5,6C7.2,6,7,6.2,7,6.5S7.2,7,7.5,7h5C12.8,7,13,6.8,13,6.5S12.8,6,12.5,6H7.5z M7.5,9C7.2,9,7,9.2,7,9.5S7.2,10,7.5,10h3c0.3,0,0.5-0.2,0.5-0.5S10.8,9,10.5,9H7.5z M7.5,12C7.2,12,7,12.2,7,12.5S7.2,13,7.5,13h1C8.8,13,9,12.8,9,12.5S8.8,12,8.5,12H7.5z\"\/><\/svg><span class=\"filter-popup\">Descending<\/span><\/a><span class=\"filter-switch\"><\/span><a href=\"https:\/\/aero-guide.com\/tr\/portfolio\/?orderby=date&#038;order=asc\" class=\"sort-by-asc\" data-sort=\"asc\"><svg version=\"1.1\" id=\"Layer_1\" xmlns=\"http:\/\/www.w3.org\/2000\/svg\" xmlns:xlink=\"http:\/\/www.w3.org\/1999\/xlink\" x=\"0px\" y=\"0px\" viewbox=\"0 0 16 16\" style=\"enable-background:new 0 0 16 16;\" xml:space=\"preserve\"><path d=\"M3.5,12.5C3.5,12.8,3.3,13,3,13s-0.5-0.2-0.5-0.5V3.7L1.4,4.9C1.2,5,0.8,5,0.6,4.9s-0.2-0.5,0-0.7l2-2l0,0C2.8,2,3.2,2,3.4,2.1l2,2c0.2,0.2,0.2,0.5,0,0.7S4.8,5,4.6,4.9L3.5,3.7V12.5z M7,3.5C7,3.2,7.2,3,7.5,3h7C14.8,3,15,3.2,15,3.5S14.8,4,14.5,4h-7C7.2,4,7,3.8,7,3.5z M7.5,6C7.2,6,7,6.2,7,6.5S7.2,7,7.5,7h5C12.8,7,13,6.8,13,6.5S12.8,6,12.5,6H7.5z M7.5,9C7.2,9,7,9.2,7,9.5S7.2,10,7.5,10h3c0.3,0,0.5-0.2,0.5-0.5S10.8,9,10.5,9H7.5z M7.5,12C7.2,12,7,12.2,7,12.5S7.2,13,7.5,13h1C8.8,13,9,12.8,9,12.5S8.8,12,8.5,12H7.5z\"\/><\/svg><span class=\"filter-popup\">Ascending<\/span><\/a><\/div><\/div><\/div><div class=\"iso-container\" ><div class=\"visible wf-cell iso-item category-518\" data-post-id=\"57989\" data-date=\"2025-06-01T11:31:29+00:00\" data-name=\"Spare Parts &amp; Consumables\"><article class=\"post visible post-57989 dt_portfolio type-dt_portfolio status-publish has-post-thumbnail hentry dt_portfolio_category-services dt_portfolio_category-518\" data-name=\"Spare Parts &#038; Consumables\" data-date=\"2025-06-01T11:31:29+00:00\">\n\n<div class=\"post-thumbnail-wrap\">\n\t<div class=\"post-thumbnail\">\n\n\t\t<a href=\"https:\/\/aero-guide.com\/tr\/project\/spare-parts-consumables\/\" class=\"post-thumbnail-rollover layzr-bg\" target=\"\"  aria-label=\"Post image\"><img fetchpriority=\"high\" decoding=\"async\" class=\"iso-lazy-load preload-me iso-lazy-load aspect\" src=\"data:image\/svg+xml,%3Csvg%20xmlns%3D&#39;http%3A%2F%2Fwww.w3.org%2F2000%2Fsvg&#39;%20viewBox%3D&#39;0%200%20420%20420&#39;%2F%3E\" data-src=\"https:\/\/aero-guide.com\/wp-content\/uploads\/2025\/06\/Cougar-Heli-TSK-1-420x420.jpg\" data-srcset=\"https:\/\/aero-guide.com\/wp-content\/uploads\/2025\/06\/Cougar-Heli-TSK-1-420x420.jpg 420w, https:\/\/aero-guide.com\/wp-content\/uploads\/2025\/06\/Cougar-Heli-TSK-1-840x840.jpg 840w\" loading=\"eager\" style=\"--ratio: 420 \/ 420\" sizes=\"(max-width: 420px) 100vw, 420px\" alt=\"\" title=\"Cougar-Heli-TSK-1\" width=\"420\" height=\"420\"  \/><\/a><div class=\"project-links-container\"><a href=\"https:\/\/aero-guide.com\/wp-content\/uploads\/2025\/06\/Cougar-Heli-TSK-1.jpg\" class=\"project-zoom dt-pswp-item dt-single-pswp-popup\" title=\"Cougar-Heli-TSK-1\" data-dt-img-description=\"\" data-large_image_width=\"1084\" data-large_image_height=\"1084\" aria-label=\"Portfolio zoom icon\"><span class=\"icomoon-the7-font-the7-zoom-06\"><\/span><\/a><a href=\"https:\/\/aero-guide.com\/tr\/project\/spare-parts-consumables\/\" target=\"\" class=\"project-details\" aria-label=\"Details link\"><span class=\"icon-portfolio-p206\"><\/span><\/a><\/div>\n\t<\/div>\n<\/div>\n\n\n<div class=\"post-entry-content\">\n\n\t<h3 class=\"entry-title\">\n\t\t<a href=\"https:\/\/aero-guide.com\/tr\/project\/spare-parts-consumables\/\" target=\"\" title=\"Spare Parts &#038; Consumables\" rel=\"bookmark\">Yedek Par\u00e7a ve Sarf Malzemeleri<\/a>\n\t<\/h3>\n\n\t<div class=\"entry-meta portfolio-categories\"><span class=\"category-link\"><a href=\"https:\/\/aero-guide.com\/tr\/project-category\/services\/\" >Servisler<\/a><\/span><\/div>\n\t<div class=\"entry-excerpt\"><p>Various Spare Parts, Consumables and EquipmentAero Guide supplies several kinds of spare parts and consumables for helicopters belonging to the Army: Super Puma, Cougar, EC135 and CH-47 Army helicopters (FAMET)Spare Parts for Electrical EquipmentAero Guide provides under framework contract all the spare parts and consumables for the entire Air Force fleet: Electrical equipment, electronic equipment&hellip;<\/p>\n<\/div>\n\t<a class=\"post-details details-type-link\" href=\"https:\/\/aero-guide.com\/tr\/project\/spare-parts-consumables\/\" target=\"\">View Details<i class=\"dt-icon-the7-arrow-03\" aria-hidden=\"true\"><\/i><\/a>\n<\/div><\/article><\/div><div class=\"visible wf-cell double-width iso-item category-518\" data-post-id=\"68\" data-date=\"2019-11-02T11:36:42+00:00\" data-name=\"Aerial Firefighting Against Forest Fires\"><article class=\"post visible post-68 dt_portfolio type-dt_portfolio status-publish has-post-thumbnail hentry dt_portfolio_category-services dt_portfolio_category-518 media-wide\" data-name=\"Aerial Firefighting Against Forest Fires\" data-date=\"2019-11-02T11:36:42+00:00\">\n\n<div class=\"post-thumbnail-wrap\">\n\t<div class=\"post-thumbnail\">\n\n\t\t<a href=\"https:\/\/aero-guide.com\/tr\/project\/aerial-firefighting-against-forest-fires\/\" class=\"post-thumbnail-rollover layzr-bg\" target=\"\"  aria-label=\"Post image\"><img decoding=\"async\" class=\"iso-lazy-load preload-me iso-lazy-load aspect\" src=\"data:image\/svg+xml,%3Csvg%20xmlns%3D&#39;http%3A%2F%2Fwww.w3.org%2F2000%2Fsvg&#39;%20viewBox%3D&#39;0%200%20840%20559&#39;%2F%3E\" data-src=\"https:\/\/aero-guide.com\/wp-content\/uploads\/2024\/01\/Air-Tractor_AT-802F_3-840x559.jpg\" data-srcset=\"https:\/\/aero-guide.com\/wp-content\/uploads\/2024\/01\/Air-Tractor_AT-802F_3-840x559.jpg 840w\" loading=\"eager\" style=\"--ratio: 840 \/ 559\" sizes=\"(max-width: 840px) 100vw, 840px\" alt=\"\" title=\"Air-Tractor_AT-802F_3\" width=\"840\" height=\"559\"  \/><\/a><div class=\"project-links-container\"><a href=\"https:\/\/aero-guide.com\/wp-content\/uploads\/2024\/01\/Air-Tractor_AT-802F_3.jpg\" class=\"project-zoom dt-pswp-item dt-single-pswp-popup\" title=\"Air-Tractor_AT-802F_3\" data-dt-img-description=\"\" data-large_image_width=\"2000\" data-large_image_height=\"1331\" aria-label=\"Portfolio zoom icon\"><span class=\"icomoon-the7-font-the7-zoom-06\"><\/span><\/a><a href=\"https:\/\/aero-guide.com\/tr\/project\/aerial-firefighting-against-forest-fires\/\" target=\"\" class=\"project-details\" aria-label=\"Details link\"><span class=\"icon-portfolio-p206\"><\/span><\/a><\/div>\n\t<\/div>\n<\/div>\n\n\n<div class=\"post-entry-content\">\n\n\t<h3 class=\"entry-title\">\n\t\t<a href=\"https:\/\/aero-guide.com\/tr\/project\/aerial-firefighting-against-forest-fires\/\" target=\"\" title=\"Orman Yang\u0131nlar\u0131na Kar\u015f\u0131 Havadan Yang\u0131n S\u00f6nd\u00fcrme\" rel=\"bookmark\">Orman Yang\u0131nlar\u0131na Kar\u015f\u0131 Havadan Yang\u0131n S\u00f6nd\u00fcrme<\/a>\n\t<\/h3>\n\n\t<div class=\"entry-meta portfolio-categories\"><span class=\"category-link\"><a href=\"https:\/\/aero-guide.com\/tr\/project-category\/services\/\" >Servisler<\/a><\/span><\/div>\n\t<div class=\"entry-excerpt\"><p>As Aero Guide, we engage in professional firefighting operations and services, driven by a profound sense of duty towards humanity and our planet.<\/p>\n<\/div>\n\t<a class=\"post-details details-type-link\" href=\"https:\/\/aero-guide.com\/tr\/project\/aerial-firefighting-against-forest-fires\/\" target=\"\">View Details<i class=\"dt-icon-the7-arrow-03\" aria-hidden=\"true\"><\/i><\/a>\n<\/div><\/article><\/div><div class=\"visible wf-cell iso-item category-518\" data-post-id=\"54690\" data-date=\"2013-11-04T17:14:35+00:00\" data-name=\"Aerostructure Consultancy\"><article class=\"post visible post-54690 dt_portfolio type-dt_portfolio status-publish has-post-thumbnail hentry dt_portfolio_category-services dt_portfolio_category-518\" data-name=\"Aerostructure Consultancy\" data-date=\"2013-11-04T17:14:35+00:00\">\n\n<div class=\"post-thumbnail-wrap\">\n\t<div class=\"post-thumbnail\">\n\n\t\t<a href=\"https:\/\/aero-guide.com\/tr\/project\/aerostructure-consultancy\/\" class=\"post-thumbnail-rollover layzr-bg\" target=\"\"  aria-label=\"Post image\"><img decoding=\"async\" class=\"iso-lazy-load preload-me iso-lazy-load aspect\" src=\"data:image\/svg+xml,%3Csvg%20xmlns%3D&#39;http%3A%2F%2Fwww.w3.org%2F2000%2Fsvg&#39;%20viewBox%3D&#39;0%200%20420%20420&#39;%2F%3E\" data-src=\"https:\/\/aero-guide.com\/wp-content\/uploads\/2013\/11\/aircraft-consultancy-420x420.jpg\" data-srcset=\"https:\/\/aero-guide.com\/wp-content\/uploads\/2013\/11\/aircraft-consultancy-420x420.jpg 420w, https:\/\/aero-guide.com\/wp-content\/uploads\/2013\/11\/aircraft-consultancy-840x840.jpg 840w\" loading=\"eager\" style=\"--ratio: 420 \/ 420\" sizes=\"(max-width: 420px) 100vw, 420px\" alt=\"\" title=\"aircraft-consultancy\" width=\"420\" height=\"420\"  \/><\/a><div class=\"project-links-container\"><a href=\"https:\/\/aero-guide.com\/wp-content\/uploads\/2013\/11\/aircraft-consultancy.jpg\" class=\"project-zoom dt-pswp-item dt-single-pswp-popup\" title=\"aircraft-consultancy\" data-dt-img-description=\"\" data-large_image_width=\"1400\" data-large_image_height=\"1400\" aria-label=\"Portfolio zoom icon\"><span class=\"icomoon-the7-font-the7-zoom-06\"><\/span><\/a><a href=\"https:\/\/aero-guide.com\/tr\/project\/aerostructure-consultancy\/\" target=\"\" class=\"project-details\" aria-label=\"Details link\"><span class=\"icon-portfolio-p206\"><\/span><\/a><\/div>\n\t<\/div>\n<\/div>\n\n\n<div class=\"post-entry-content\">\n\n\t<h3 class=\"entry-title\">\n\t\t<a href=\"https:\/\/aero-guide.com\/tr\/project\/aerostructure-consultancy\/\" target=\"\" title=\"U\u00e7ak Yap\u0131s\u0131 Dan\u0131\u015fmanl\u0131\u011f\u0131\" rel=\"bookmark\">U\u00e7ak Yap\u0131s\u0131 Dan\u0131\u015fmanl\u0131\u011f\u0131<\/a>\n\t<\/h3>\n\n\t<div class=\"entry-meta portfolio-categories\"><span class=\"category-link\"><a href=\"https:\/\/aero-guide.com\/tr\/project-category\/services\/\" >Servisler<\/a><\/span><\/div>\n\t<div class=\"entry-excerpt\"><p>Aero Guide olarak, u\u00e7ak yap\u0131sal par\u00e7a \u00fcretimine \u00f6zel dan\u0131\u015fmanl\u0131k hizmetleri sunmada uzman\u0131z.<\/p>\n<\/div>\n\t<a class=\"post-details details-type-link\" href=\"https:\/\/aero-guide.com\/tr\/project\/aerostructure-consultancy\/\" target=\"\">View Details<i class=\"dt-icon-the7-arrow-03\" aria-hidden=\"true\"><\/i><\/a>\n<\/div><\/article><\/div><div class=\"visible wf-cell iso-item category-518\" data-post-id=\"45\" data-date=\"2013-08-19T11:17:39+00:00\" data-name=\"Aircraft Design and Engineering\"><article class=\"post visible post-45 dt_portfolio type-dt_portfolio status-publish has-post-thumbnail hentry dt_portfolio_category-services dt_portfolio_category-518\" data-name=\"Aircraft Design and Engineering\" data-date=\"2013-08-19T11:17:39+00:00\">\n\n<div class=\"post-thumbnail-wrap\">\n\t<div class=\"post-thumbnail\">\n\n\t\t<a href=\"https:\/\/aero-guide.com\/tr\/project\/aircraft-design-and-engineering\/\" class=\"post-thumbnail-rollover layzr-bg\" target=\"\"  aria-label=\"Post image\"><img decoding=\"async\" class=\"iso-lazy-load preload-me iso-lazy-load aspect\" src=\"data:image\/svg+xml,%3Csvg%20xmlns%3D&#39;http%3A%2F%2Fwww.w3.org%2F2000%2Fsvg&#39;%20viewBox%3D&#39;0%200%20420%20290&#39;%2F%3E\" data-src=\"https:\/\/aero-guide.com\/wp-content\/uploads\/2013\/08\/hurjet2-420x290.webp\" data-srcset=\"https:\/\/aero-guide.com\/wp-content\/uploads\/2013\/08\/hurjet2-420x290.webp 420w, https:\/\/aero-guide.com\/wp-content\/uploads\/2013\/08\/hurjet2-840x580.webp 840w\" loading=\"eager\" style=\"--ratio: 420 \/ 290\" sizes=\"(max-width: 420px) 100vw, 420px\" alt=\"\" title=\"hurjet2\" width=\"420\" height=\"290\"  \/><\/a><div class=\"project-links-container\"><a href=\"https:\/\/aero-guide.com\/wp-content\/uploads\/2013\/08\/hurjet2.webp\" class=\"project-zoom dt-pswp-item dt-single-pswp-popup\" title=\"hurjet2\" data-dt-img-description=\"\" data-large_image_width=\"1314\" data-large_image_height=\"908\" aria-label=\"Portfolio zoom icon\"><span class=\"icomoon-the7-font-the7-zoom-06\"><\/span><\/a><a href=\"https:\/\/aero-guide.com\/tr\/project\/aircraft-design-and-engineering\/\" target=\"\" class=\"project-details\" aria-label=\"Details link\"><span class=\"icon-portfolio-p206\"><\/span><\/a><\/div>\n\t<\/div>\n<\/div>\n\n\n<div class=\"post-entry-content\">\n\n\t<h3 class=\"entry-title\">\n\t\t<a href=\"https:\/\/aero-guide.com\/tr\/project\/aircraft-design-and-engineering\/\" target=\"\" title=\"U\u00e7ak Tasar\u0131m\u0131 ve M\u00fchendisli\u011fi\" rel=\"bookmark\">U\u00e7ak Tasar\u0131m\u0131 ve M\u00fchendisli\u011fi<\/a>\n\t<\/h3>\n\n\t<div class=\"entry-meta portfolio-categories\"><span class=\"category-link\"><a href=\"https:\/\/aero-guide.com\/tr\/project-category\/services\/\" >Servisler<\/a><\/span><\/div>\n\t<div class=\"entry-excerpt\"><p>Aero Guide havac\u0131l\u0131k m\u00fchendisli\u011fi faaliyetlerinizde g\u00fcvenilir orta\u011f\u0131n\u0131zd\u0131r.<\/p>\n<\/div>\n\t<a class=\"post-details details-type-link\" href=\"https:\/\/aero-guide.com\/tr\/project\/aircraft-design-and-engineering\/\" target=\"\">View Details<i class=\"dt-icon-the7-arrow-03\" aria-hidden=\"true\"><\/i><\/a>\n<\/div><\/article><\/div><\/div><!-- iso-container|iso-grid --><div class=\"paginator paginator-more-button\">\n\t\t\t\t<a class=\"button-load-more\" href=\"javascript:void(0);\" data-dt-page=\"1\" ><span class=\"stick\"><\/span><span class=\"stick\"><\/span><span class=\"stick\"><\/span><span class=\"button-caption\">Load more<\/span><\/a>\n\t\t\t<\/div><\/div><\/div><\/div><\/div><\/div><div class=\"vc_row-full-width vc_clearfix\"><\/div>\n<\/div>","protected":false},"excerpt":{"rendered":"","protected":false},"author":1,"featured_media":0,"parent":0,"menu_order":30,"comment_status":"closed","ping_status":"closed","template":"","meta":{"_coblocks_attr":"","_coblocks_dimensions":"","_coblocks_responsive_height":"","_coblocks_accordion_ie_support":"","pgc_sgb_lightbox_settings":"","footnotes":""},"class_list":["post-382","page","type-page","status-publish","hentry","description-off"],"_links":{"self":[{"href":"https:\/\/aero-guide.com\/tr\/wp-json\/wp\/v2\/pages\/382","targetHints":{"allow":["GET"]}}],"collection":[{"href":"https:\/\/aero-guide.com\/tr\/wp-json\/wp\/v2\/pages"}],"about":[{"href":"https:\/\/aero-guide.com\/tr\/wp-json\/wp\/v2\/types\/page"}],"author":[{"embeddable":true,"href":"https:\/\/aero-guide.com\/tr\/wp-json\/wp\/v2\/users\/1"}],"replies":[{"embeddable":true,"href":"https:\/\/aero-guide.com\/tr\/wp-json\/wp\/v2\/comments?post=382"}],"version-history":[{"count":1,"href":"https:\/\/aero-guide.com\/tr\/wp-json\/wp\/v2\/pages\/382\/revisions"}],"predecessor-version":[{"id":57750,"href":"https:\/\/aero-guide.com\/tr\/wp-json\/wp\/v2\/pages\/382\/revisions\/57750"}],"wp:attachment":[{"href":"https:\/\/aero-guide.com\/tr\/wp-json\/wp\/v2\/media?parent=382"}],"curies":[{"name":"wp","href":"https:\/\/api.w.org\/{rel}","templated":true}]}}